{"id":146,"date":"2024-06-19T19:58:46","date_gmt":"2024-06-19T22:58:46","guid":{"rendered":"https:\/\/aguhdesenvolvimento.agenciacosso.com.br\/?page_id=146"},"modified":"2024-06-19T20:05:13","modified_gmt":"2024-06-19T23:05:13","slug":"blog","status":"publish","type":"page","link":"https:\/\/aguhdesenvolvimento.agenciacosso.com.br\/?page_id=146","title":{"rendered":"Blog"},"content":{"rendered":"\t\t<div data-elementor-type=\"wp-page\" data-elementor-id=\"146\" class=\"elementor elementor-146\">\n\t\t\t\t<div class=\"elementor-element elementor-element-7e8bb77 e-flex e-con-boxed e-con e-parent\" data-id=\"7e8bb77\" data-element_type=\"container\">\n\t\t\t\t\t<div class=\"e-con-inner\">\n\t\t\t\t<div class=\"elementor-element elementor-element-3e25cab elementor-widget elementor-widget-heading\" data-id=\"3e25cab\" data-element_type=\"widget\" data-widget_type=\"heading.default\">\n\t\t\t\t<div class=\"elementor-widget-container\">\n\t\t\t\t\t<h2 class=\"elementor-heading-title elementor-size-default\">blog<\/h2>\t\t\t\t<\/div>\n\t\t\t\t<\/div>\n\t\t\t\t\t<\/div>\n\t\t\t\t<\/div>\n\t\t\t\t<section class=\"elementor-section elementor-top-section elementor-element elementor-element-5cf1a8e8 elementor-section-boxed elementor-section-height-default elementor-section-height-default\" data-id=\"5cf1a8e8\" data-element_type=\"section\">\n\t\t\t\t\t\t<div class=\"elementor-container elementor-column-gap-default\">\n\t\t\t\t\t<div class=\"elementor-column elementor-col-100 elementor-top-column elementor-element elementor-element-4993e856\" data-id=\"4993e856\" data-element_type=\"column\">\n\t\t\t<div class=\"elementor-widget-wrap elementor-element-populated\">\n\t\t\t\t\t\t<section class=\"elementor-section elementor-inner-section elementor-element elementor-element-3b9189d9 elementor-section-boxed elementor-section-height-default elementor-section-height-default\" data-id=\"3b9189d9\" data-element_type=\"section\">\n\t\t\t\t\t\t<div class=\"elementor-container elementor-column-gap-default\">\n\t\t\t\t\t<div class=\"elementor-column elementor-col-100 elementor-inner-column elementor-element elementor-element-1597fa1e\" data-id=\"1597fa1e\" data-element_type=\"column\">\n\t\t\t<div class=\"elementor-widget-wrap elementor-element-populated\">\n\t\t\t\t\t\t<div class=\"elementor-element elementor-element-1dff600f elementor-grid-tablet-3 elementor-posts--align-center elementor-grid-3 elementor-grid-mobile-1 elementor-posts--thumbnail-top elementor-widget elementor-widget-posts\" data-id=\"1dff600f\" data-element_type=\"widget\" data-settings=\"{&quot;pagination_type&quot;:&quot;numbers_and_prev_next&quot;,&quot;classic_columns_tablet&quot;:&quot;3&quot;,&quot;classic_masonry&quot;:&quot;yes&quot;,&quot;classic_columns&quot;:&quot;3&quot;,&quot;classic_columns_mobile&quot;:&quot;1&quot;,&quot;classic_row_gap&quot;:{&quot;unit&quot;:&quot;px&quot;,&quot;size&quot;:35,&quot;sizes&quot;:[]},&quot;classic_row_gap_tablet&quot;:{&quot;unit&quot;:&quot;px&quot;,&quot;size&quot;:&quot;&quot;,&quot;sizes&quot;:[]},&quot;classic_row_gap_mobile&quot;:{&quot;unit&quot;:&quot;px&quot;,&quot;size&quot;:&quot;&quot;,&quot;sizes&quot;:[]}}\" data-widget_type=\"posts.classic\">\n\t\t\t\t<div class=\"elementor-widget-container\">\n\t\t\t\t\t\t\t<div class=\"elementor-posts-container elementor-posts elementor-posts--skin-classic elementor-grid\">\n\t\t\t\t<article class=\"elementor-post elementor-grid-item post-143 post type-post status-publish format-standard has-post-thumbnail hentry category-blog\">\n\t\t\t\t<a class=\"elementor-post__thumbnail__link\" href=\"https:\/\/aguhdesenvolvimento.agenciacosso.com.br\/?p=143\" >\n\t\t\t<div class=\"elementor-post__thumbnail\"><img fetchpriority=\"high\" decoding=\"async\" width=\"800\" height=\"534\" src=\"https:\/\/aguhdesenvolvimento.agenciacosso.com.br\/wp-content\/uploads\/2024\/06\/aguh-3.png\" class=\"attachment-large size-large wp-image-144\" alt=\"\" srcset=\"https:\/\/aguhdesenvolvimento.agenciacosso.com.br\/wp-content\/uploads\/2024\/06\/aguh-3.png 800w, https:\/\/aguhdesenvolvimento.agenciacosso.com.br\/wp-content\/uploads\/2024\/06\/aguh-3-300x200.png 300w, https:\/\/aguhdesenvolvimento.agenciacosso.com.br\/wp-content\/uploads\/2024\/06\/aguh-3-768x513.png 768w, https:\/\/aguhdesenvolvimento.agenciacosso.com.br\/wp-content\/uploads\/2024\/06\/aguh-3-600x401.png 600w\" sizes=\"(max-width: 800px) 100vw, 800px\" \/><\/div>\n\t\t<\/a>\n\t\t\t\t<div class=\"elementor-post__text\">\n\t\t\t\t<h3 class=\"elementor-post__title\">\n\t\t\t<a href=\"https:\/\/aguhdesenvolvimento.agenciacosso.com.br\/?p=143\" >\n\t\t\t\tDicas para Criar uma Rotina Saud\u00e1vel para Seu Beb\u00ea\t\t\t<\/a>\n\t\t<\/h3>\n\t\t\t\t<div class=\"elementor-post__excerpt\">\n\t\t\t<p>Introdu\u00e7\u00e3o: Criar uma rotina saud\u00e1vel para o beb\u00ea \u00e9 essencial para o seu desenvolvimento e bem-estar. Uma rotina bem estabelecida oferece seguran\u00e7a e ajuda o beb\u00ea a entender o que<\/p>\n\t\t<\/div>\n\t\t\t\t<\/div>\n\t\t\t\t<\/article>\n\t\t\t\t<article class=\"elementor-post elementor-grid-item post-138 post type-post status-publish format-standard has-post-thumbnail hentry category-blog\">\n\t\t\t\t<a class=\"elementor-post__thumbnail__link\" href=\"https:\/\/aguhdesenvolvimento.agenciacosso.com.br\/?p=138\" >\n\t\t\t<div class=\"elementor-post__thumbnail\"><img decoding=\"async\" width=\"800\" height=\"534\" src=\"https:\/\/aguhdesenvolvimento.agenciacosso.com.br\/wp-content\/uploads\/2024\/06\/aguh-1.png\" class=\"attachment-large size-large wp-image-140\" alt=\"\" srcset=\"https:\/\/aguhdesenvolvimento.agenciacosso.com.br\/wp-content\/uploads\/2024\/06\/aguh-1.png 800w, https:\/\/aguhdesenvolvimento.agenciacosso.com.br\/wp-content\/uploads\/2024\/06\/aguh-1-300x200.png 300w, https:\/\/aguhdesenvolvimento.agenciacosso.com.br\/wp-content\/uploads\/2024\/06\/aguh-1-768x513.png 768w, https:\/\/aguhdesenvolvimento.agenciacosso.com.br\/wp-content\/uploads\/2024\/06\/aguh-1-600x401.png 600w\" sizes=\"(max-width: 800px) 100vw, 800px\" \/><\/div>\n\t\t<\/a>\n\t\t\t\t<div class=\"elementor-post__text\">\n\t\t\t\t<h3 class=\"elementor-post__title\">\n\t\t\t<a href=\"https:\/\/aguhdesenvolvimento.agenciacosso.com.br\/?p=138\" >\n\t\t\t\tComo Estimular o Desenvolvimento Sensorial do Seu Beb\u00ea\t\t\t<\/a>\n\t\t<\/h3>\n\t\t\t\t<div class=\"elementor-post__excerpt\">\n\t\t\t<p>Introdu\u00e7\u00e3o: O desenvolvimento sensorial \u00e9 uma parte vital do crescimento do beb\u00ea. Atrav\u00e9s dos sentidos, os beb\u00eas exploram o mundo ao seu redor e aprendem sobre ele. Vamos descobrir como<\/p>\n\t\t<\/div>\n\t\t\t\t<\/div>\n\t\t\t\t<\/article>\n\t\t\t\t<article class=\"elementor-post elementor-grid-item post-136 post type-post status-publish format-standard has-post-thumbnail hentry category-blog\">\n\t\t\t\t<a class=\"elementor-post__thumbnail__link\" href=\"https:\/\/aguhdesenvolvimento.agenciacosso.com.br\/?p=136\" >\n\t\t\t<div class=\"elementor-post__thumbnail\"><img decoding=\"async\" width=\"800\" height=\"534\" src=\"https:\/\/aguhdesenvolvimento.agenciacosso.com.br\/wp-content\/uploads\/2024\/06\/aguh-2.png\" class=\"attachment-large size-large wp-image-142\" alt=\"\" srcset=\"https:\/\/aguhdesenvolvimento.agenciacosso.com.br\/wp-content\/uploads\/2024\/06\/aguh-2.png 800w, https:\/\/aguhdesenvolvimento.agenciacosso.com.br\/wp-content\/uploads\/2024\/06\/aguh-2-300x200.png 300w, https:\/\/aguhdesenvolvimento.agenciacosso.com.br\/wp-content\/uploads\/2024\/06\/aguh-2-768x513.png 768w, https:\/\/aguhdesenvolvimento.agenciacosso.com.br\/wp-content\/uploads\/2024\/06\/aguh-2-600x401.png 600w\" sizes=\"(max-width: 800px) 100vw, 800px\" \/><\/div>\n\t\t<\/a>\n\t\t\t\t<div class=\"elementor-post__text\">\n\t\t\t\t<h3 class=\"elementor-post__title\">\n\t\t\t<a href=\"https:\/\/aguhdesenvolvimento.agenciacosso.com.br\/?p=136\" >\n\t\t\t\tA Import\u00e2ncia dos Primeiros Mil Dias na Vida do Beb\u00ea\t\t\t<\/a>\n\t\t<\/h3>\n\t\t\t\t<div class=\"elementor-post__excerpt\">\n\t\t\t<p>Introdu\u00e7\u00e3o: Os primeiros mil dias de vida de um beb\u00ea s\u00e3o cruciais para o seu desenvolvimento f\u00edsico, mental e emocional. Esse per\u00edodo, que vai desde a concep\u00e7\u00e3o at\u00e9 os dois<\/p>\n\t\t<\/div>\n\t\t\t\t<\/div>\n\t\t\t\t<\/article>\n\t\t\t\t<\/div>\n\n\n\t\t\n\t\t\t\t\t\t<\/div>\n\t\t\t\t<\/div>\n\t\t\t\t\t<\/div>\n\t\t<\/div>\n\t\t\t\t\t<\/div>\n\t\t<\/section>\n\t\t\t\t\t<\/div>\n\t\t<\/div>\n\t\t\t\t\t<\/div>\n\t\t<\/section>\n\t\t\t\t<\/div>\n\t\t","protected":false},"excerpt":{"rendered":"<p>blog<\/p>\n","protected":false},"author":1,"featured_media":0,"parent":0,"menu_order":0,"comment_status":"closed","ping_status":"closed","template":"","meta":{"footnotes":""},"class_list":["post-146","page","type-page","status-publish","hentry"],"_links":{"self":[{"href":"https:\/\/aguhdesenvolvimento.agenciacosso.com.br\/index.php?rest_route=\/wp\/v2\/pages\/146","targetHints":{"allow":["GET"]}}],"collection":[{"href":"https:\/\/aguhdesenvolvimento.agenciacosso.com.br\/index.php?rest_route=\/wp\/v2\/pages"}],"about":[{"href":"https:\/\/aguhdesenvolvimento.agenciacosso.com.br\/index.php?rest_route=\/wp\/v2\/types\/page"}],"author":[{"embeddable":true,"href":"https:\/\/aguhdesenvolvimento.agenciacosso.com.br\/index.php?rest_route=\/wp\/v2\/users\/1"}],"replies":[{"embeddable":true,"href":"https:\/\/aguhdesenvolvimento.agenciacosso.com.br\/index.php?rest_route=%2Fwp%2Fv2%2Fcomments&post=146"}],"version-history":[{"count":7,"href":"https:\/\/aguhdesenvolvimento.agenciacosso.com.br\/index.php?rest_route=\/wp\/v2\/pages\/146\/revisions"}],"predecessor-version":[{"id":155,"href":"https:\/\/aguhdesenvolvimento.agenciacosso.com.br\/index.php?rest_route=\/wp\/v2\/pages\/146\/revisions\/155"}],"wp:attachment":[{"href":"https:\/\/aguhdesenvolvimento.agenciacosso.com.br\/index.php?rest_route=%2Fwp%2Fv2%2Fmedia&parent=146"}],"curies":[{"name":"wp","href":"https:\/\/api.w.org\/{rel}","templated":true}]}}